{"id":4466,"date":"2012-11-13T11:21:41","date_gmt":"2012-11-13T09:21:41","guid":{"rendered":"http:\/\/mtt.gov.rs\/?page_id=4466"},"modified":"2021-02-22T14:45:42","modified_gmt":"2021-02-22T13:45:42","slug":"team-of-minister","status":"publish","type":"page","link":"https:\/\/arhiva.mtt.gov.rs\/en\/ministry\/team-of-minister\/","title":{"rendered":"Team of Minister"},"content":{"rendered":"<table width=\"100%\" cellspacing=\"0\" cellpadding=\"5\">\n<tbody>\n<tr valign=\"bottom\">\n<td>State Secretary<br \/>\n<strong>Uro\u0161 Kandi\u0107<\/strong><\/td>\n<td style=\"text-align: right;\"><\/td>\n<\/tr>\n<tr valign=\"bottom\" bgcolor=\"#e8e8e8\">\n<td>State Secretary<br \/>\n<strong>Miroslav Kne\u017eevi\u0107<\/strong><\/td>\n<td style=\"text-align: right;\"><\/td>\n<\/tr>\n<tr valign=\"bottom\">\n<td>State Secretary<br \/>\n<strong>Stevan Nik\u010devi\u0107<\/strong><\/td>\n<td style=\"text-align: right;\"><a title=\"Stevan Nikcevic\" href=\"https:\/\/mtt.gov.rs\/en\/ministry\/team-of-the-deputy-prime-minister-and-minister\/stevan-nikcevic\/\">\u00a0<\/a><\/td>\n<\/tr>\n<tr valign=\"bottom\" bgcolor=\"#e8e8e8\">\n<td>State Secretary<br \/>\n<strong>Milo\u0161 Cvetanovi\u0107<\/strong><\/td>\n<td style=\"text-align: right;\"><\/td>\n<\/tr>\n<tr valign=\"bottom\">\n<td>State Secretary<br \/>\n<strong>\u017dikica Nestorovi\u0107<\/strong><\/td>\n<\/tr>\n<\/tbody>\n<\/table>\n","protected":false},"excerpt":{"rendered":"<p>State Secretary Uro\u0161 Kandi\u0107 State Secretary Miroslav Kne\u017eevi\u0107 State Secretary Stevan Nik\u010devi\u0107 \u00a0 State Secretary Milo\u0161 Cvetanovi\u0107 State Secretary \u017dikica Nestorovi\u0107<\/p>\n","protected":false},"author":15,"featured_media":0,"parent":4429,"menu_order":2,"comment_status":"closed","ping_status":"closed","template":"","meta":[],"_links":{"self":[{"href":"https:\/\/arhiva.mtt.gov.rs\/en\/wp-json\/wp\/v2\/pages\/4466\/"}],"collection":[{"href":"https:\/\/arhiva.mtt.gov.rs\/en\/wp-json\/wp\/v2\/pages\/"}],"about":[{"href":"https:\/\/arhiva.mtt.gov.rs\/en\/wp-json\/wp\/v2\/types\/page\/"}],"author":[{"embeddable":true,"href":"https:\/\/arhiva.mtt.gov.rs\/en\/wp-json\/wp\/v2\/users\/15\/"}],"replies":[{"embeddable":true,"href":"https:\/\/arhiva.mtt.gov.rs\/en\/wp-json\/wp\/v2\/comments\/?post=4466"}],"version-history":[{"count":14,"href":"https:\/\/arhiva.mtt.gov.rs\/en\/wp-json\/wp\/v2\/pages\/4466\/revisions\/"}],"predecessor-version":[{"id":38631,"href":"https:\/\/arhiva.mtt.gov.rs\/en\/wp-json\/wp\/v2\/pages\/4466\/revisions\/38631\/"}],"up":[{"embeddable":true,"href":"https:\/\/arhiva.mtt.gov.rs\/en\/wp-json\/wp\/v2\/pages\/4429\/"}],"wp:attachment":[{"href":"https:\/\/arhiva.mtt.gov.rs\/en\/wp-json\/wp\/v2\/media\/?parent=4466"}],"curies":[{"name":"wp","href":"https:\/\/api.w.org\/{rel}","templated":true}]}}